{"id":157,"date":"2023-06-14T01:58:32","date_gmt":"2023-06-14T01:58:32","guid":{"rendered":"https:\/\/jmconsulting.net.br\/?page_id=157"},"modified":"2023-06-14T01:58:33","modified_gmt":"2023-06-14T01:58:33","slug":"gestao-do-relacionamento-com-o-cliente","status":"publish","type":"page","link":"https:\/\/jmconsulting.net.br\/index.php\/gestao-do-relacionamento-com-o-cliente\/","title":{"rendered":"GEST\u00c3O DO RELACIONAMENTO COM O CLIENTE"},"content":{"rendered":"\n<p><strong>As Mudan\u00e7as e a evolu\u00e7\u00e3o no atendimento dos clientes<\/strong><\/p>\n\n\n\n<p>Com o passar dos anos, novas tecnologias foram disponibilizadas e hoje os clientes t\u00eam novas formas para acessar seus fornecedores de produtos e servi\u00e7os, as empresas precisam estar adequadas para as novas necessidades nesse contexto, sob pena de deixarem de ser competitivas.<\/p>\n\n\n\n<p>Nosso papel \u00e9 ajud\u00e1-los no desenvolvimento da estrat\u00e9gia de atendimento voltada as novas necessidades com base em tecnologias, gest\u00e3o dos processos, e capacita\u00e7\u00f5es das equipes de atendimento.<\/p>\n\n\n\n<p><strong>Capacidade de Lideran\u00e7a e Execu\u00e7\u00e3o da estrat\u00e9gia s\u00e3o a base da nossa proposta.<\/strong><\/p>\n\n\n\n<p>Pontos explorados no projeto<\/p>\n\n\n\n<ol class=\"wp-block-list\">\n<li>Diagn\u00f3stico da Gest\u00e3o comercial com foco em sistemas e processos.<\/li>\n\n\n\n<li>Apresenta\u00e7\u00e3o do Projeto, \u201co que fazer\u201d \u201ce como fazer\u201d, com objetivos e resultados esperados.<\/li>\n\n\n\n<li>An\u00e1lise de processos e ferramentas comerciais atuais, se necess\u00e1rio apresenta\u00e7\u00e3o de novas solu\u00e7\u00f5es para melhor Gest\u00e3o.<\/li>\n\n\n\n<li>Desenvolvimento do plano estrat\u00e9gico de neg\u00f3cios, capacita\u00e7\u00e3o de gestores e colaboradores para implementa\u00e7\u00e3o da estrat\u00e9gia.<\/li>\n\n\n\n<li>Desenvolvimento de Reuni\u00f5es de Gest\u00e3o da execu\u00e7\u00e3o para a organiza\u00e7\u00e3o.<\/li>\n<\/ol>\n\n\n\n<figure class=\"wp-block-image size-full\"><img loading=\"lazy\" decoding=\"async\" width=\"525\" height=\"348\" src=\"https:\/\/jmconsulting.net.br\/wp-content\/uploads\/2023\/06\/GestaoClientes.png\" alt=\"\" class=\"wp-image-159\" srcset=\"https:\/\/jmconsulting.net.br\/wp-content\/uploads\/2023\/06\/GestaoClientes.png 525w, https:\/\/jmconsulting.net.br\/wp-content\/uploads\/2023\/06\/GestaoClientes-300x199.png 300w\" sizes=\"auto, (max-width: 525px) 100vw, 525px\" \/><\/figure>\n","protected":false},"excerpt":{"rendered":"<p>As Mudan\u00e7as e a evolu\u00e7\u00e3o no atendimento dos clientes Com o passar dos anos, novas tecnologias foram disponibilizadas e hoje os clientes t\u00eam novas formas para acessar seus fornecedores de produtos e servi\u00e7os, as empresas precisam estar adequadas para as<\/p>\n","protected":false},"author":1,"featured_media":0,"parent":0,"menu_order":0,"comment_status":"closed","ping_status":"closed","template":"","meta":{"cybocfi_hide_featured_image":"","footnotes":""},"class_list":["post-157","page","type-page","status-publish","hentry"],"_links":{"self":[{"href":"https:\/\/jmconsulting.net.br\/index.php\/wp-json\/wp\/v2\/pages\/157","targetHints":{"allow":["GET"]}}],"collection":[{"href":"https:\/\/jmconsulting.net.br\/index.php\/wp-json\/wp\/v2\/pages"}],"about":[{"href":"https:\/\/jmconsulting.net.br\/index.php\/wp-json\/wp\/v2\/types\/page"}],"author":[{"embeddable":true,"href":"https:\/\/jmconsulting.net.br\/index.php\/wp-json\/wp\/v2\/users\/1"}],"replies":[{"embeddable":true,"href":"https:\/\/jmconsulting.net.br\/index.php\/wp-json\/wp\/v2\/comments?post=157"}],"version-history":[{"count":2,"href":"https:\/\/jmconsulting.net.br\/index.php\/wp-json\/wp\/v2\/pages\/157\/revisions"}],"predecessor-version":[{"id":160,"href":"https:\/\/jmconsulting.net.br\/index.php\/wp-json\/wp\/v2\/pages\/157\/revisions\/160"}],"wp:attachment":[{"href":"https:\/\/jmconsulting.net.br\/index.php\/wp-json\/wp\/v2\/media?parent=157"}],"curies":[{"name":"wp","href":"https:\/\/api.w.org\/{rel}","templated":true}]}}