{"id":7,"date":"2022-05-18T14:47:02","date_gmt":"2022-05-18T14:47:02","guid":{"rendered":"https:\/\/jmconsulting.net.br\/?page_id=7"},"modified":"2023-06-14T00:41:51","modified_gmt":"2023-06-14T00:41:51","slug":"sobre","status":"publish","type":"page","link":"https:\/\/jmconsulting.net.br\/index.php\/sobre\/","title":{"rendered":"QUEM SOMOS"},"content":{"rendered":"\n<div class=\"wp-block-columns is-layout-flex wp-container-core-columns-is-layout-9d6595d7 wp-block-columns-is-layout-flex\">\n<div class=\"wp-block-column is-layout-flow wp-block-column-is-layout-flow\" style=\"flex-basis:33.33%\">\n<figure class=\"wp-block-image size-full\"><img loading=\"lazy\" decoding=\"async\" width=\"584\" height=\"438\" src=\"https:\/\/jmconsulting.net.br\/wp-content\/uploads\/2023\/06\/juceli.jpg\" alt=\"\" class=\"wp-image-71\" srcset=\"https:\/\/jmconsulting.net.br\/wp-content\/uploads\/2023\/06\/juceli.jpg 584w, https:\/\/jmconsulting.net.br\/wp-content\/uploads\/2023\/06\/juceli-300x225.jpg 300w\" sizes=\"auto, (max-width: 584px) 100vw, 584px\" \/><\/figure>\n<\/div>\n\n\n\n<div class=\"wp-block-column is-layout-flow wp-block-column-is-layout-flow\" style=\"flex-basis:66.66%\">\n<p>    <strong>Ap\u00f3s atuar 32 anos na iniciativa privada navegando em v\u00e1rios setores e cargos at\u00e9 chegar a CEO, hoje compartilhamos os conhecimentos adquiridos, t\u00e9cnicas desenvolvidas e solu\u00e7\u00f5es inteligentes em gest\u00e3o e lideran\u00e7a, sempre objetivando os melhores resultados para uma organiza\u00e7\u00e3o, num prazeroso ambiente de trabalho.<\/strong><\/p>\n\n\n\n<p>    <strong>Nosso foco est\u00e1 na CAPACITA\u00c7\u00c3O das pessoas e na oferta de SOLU\u00c7\u00d5ES TECNOL\u00d3GICAS visando sempre a EXECU\u00c7\u00c3O da Estrat\u00e9gia Corporativa, desenvolvendo talentos e l\u00edderes para a manh\u00e3.<\/strong><\/p>\n\n\n\n<p><\/p>\n<\/div>\n<\/div>\n\n\n\n<p><\/p>\n\n\n\n<div class=\"wp-block-columns is-layout-flex wp-container-core-columns-is-layout-9d6595d7 wp-block-columns-is-layout-flex\">\n<div class=\"wp-block-column is-layout-flow wp-block-column-is-layout-flow\" style=\"flex-basis:100%\"><\/div>\n<\/div>\n","protected":false},"excerpt":{"rendered":"<p>Ap\u00f3s atuar 32 anos na iniciativa privada navegando em v\u00e1rios setores e cargos at\u00e9 chegar a CEO, hoje compartilhamos os conhecimentos adquiridos, t\u00e9cnicas desenvolvidas e solu\u00e7\u00f5es inteligentes em gest\u00e3o e lideran\u00e7a, sempre objetivando os melhores resultados para uma organiza\u00e7\u00e3o, num<\/p>\n","protected":false},"author":1,"featured_media":0,"parent":0,"menu_order":0,"comment_status":"closed","ping_status":"closed","template":"","meta":{"cybocfi_hide_featured_image":"","footnotes":""},"class_list":["post-7","page","type-page","status-publish","hentry"],"_links":{"self":[{"href":"https:\/\/jmconsulting.net.br\/index.php\/wp-json\/wp\/v2\/pages\/7","targetHints":{"allow":["GET"]}}],"collection":[{"href":"https:\/\/jmconsulting.net.br\/index.php\/wp-json\/wp\/v2\/pages"}],"about":[{"href":"https:\/\/jmconsulting.net.br\/index.php\/wp-json\/wp\/v2\/types\/page"}],"author":[{"embeddable":true,"href":"https:\/\/jmconsulting.net.br\/index.php\/wp-json\/wp\/v2\/users\/1"}],"replies":[{"embeddable":true,"href":"https:\/\/jmconsulting.net.br\/index.php\/wp-json\/wp\/v2\/comments?post=7"}],"version-history":[{"count":2,"href":"https:\/\/jmconsulting.net.br\/index.php\/wp-json\/wp\/v2\/pages\/7\/revisions"}],"predecessor-version":[{"id":73,"href":"https:\/\/jmconsulting.net.br\/index.php\/wp-json\/wp\/v2\/pages\/7\/revisions\/73"}],"wp:attachment":[{"href":"https:\/\/jmconsulting.net.br\/index.php\/wp-json\/wp\/v2\/media?parent=7"}],"curies":[{"name":"wp","href":"https:\/\/api.w.org\/{rel}","templated":true}]}}